{"id":18202,"date":"2020-12-09T15:28:09","date_gmt":"2020-12-09T20:28:09","guid":{"rendered":"https:\/\/www.oakvillestone.com\/quienes-somos\/"},"modified":"2024-02-01T06:26:52","modified_gmt":"2024-02-01T11:26:52","slug":"quienes-somos","status":"publish","type":"page","link":"https:\/\/www.oakvillestone.com\/es\/quienes-somos\/","title":{"rendered":"Qui\u00e9nes somos"},"content":{"rendered":"<div class=\"wpb-content-wrapper\"><p>[vc_row equal_height=\u00bbyes\u00bb][vc_column width=\u00bb1\/2&#8243; css=\u00bb.vc_custom_1610470329797{background-image: url(https:\/\/www.oakvillestone.com\/wp-content\/uploads\/2021\/01\/20180815_134255.jpg?id=2051) !important;background-position: center !important;background-repeat: no-repeat !important;background-size: cover !important;}\u00bb][vc_empty_space height=\u00bb300px\u00bb][\/vc_column][vc_column width=\u00bb1\/2&#8243;][vc_column_text]Establecida en 2004, Oakville Stone se enorgullece de ofrecer continuamente productos de piedra natural de la m\u00e1s alta calidad que la tierra puede ofrecer. Nuestra misi\u00f3n es ofrecer un nivel de servicio inigualable en el sector de la piedra natural, combinado con calidad, servicio y sostenibilidad. Nuestro objetivo es seguir siendo el productor y proveedor de piedra natural importada mejor considerado de Norteam\u00e9rica.<\/p>\n<p>Nuestra cadena de suministro global se basa en asociaciones exclusivas en el extranjero, una amplia plantilla de inspectores de nuestra propia empresa y una s\u00f3lida estructura de transporte que nos permite no s\u00f3lo suministrar todos los productos que ve en nuestro cat\u00e1logo, sino cualquier producto de piedra natural que pueda encontrar en el mercado.<\/p>\n<p>Con una amplia base de distribuidores en crecimiento, as\u00ed como m\u00faltiples centros de distribuci\u00f3n, los productos Oakville Stone est\u00e1n disponibles para su entrega inmediata para proyectos de cualquier tama\u00f1o en toda Am\u00e9rica del Norte.[\/vc_column_text][\/vc_column][\/vc_row][vc_row full_width=\u00bbstretch_row\u00bb css=\u00bb.vc_custom_1608117038762{margin-top: 50px !important;padding-top: 50px !important;padding-bottom: 50px !important;background-image: url(https:\/\/www.oakvillestone.com\/wp-content\/uploads\/2020\/12\/Oakville-Stone-Catalog-2020_Page_04_Image_0001.jpg?id=23) !important;background-position: center !important;background-repeat: no-repeat !important;background-size: cover !important;}\u00bb][vc_column width=\u00bb1\/3&#8243; css=\u00bb.vc_custom_1608117124607{padding-top: 20px !important;padding-right: 35px !important;padding-bottom: 10px !important;padding-left: 35px !important;background-color: rgba(255,255,255,0.8) !important;*background-color: rgb(255,255,255) !important;}\u00bb][vc_column_text]<\/p>\n<h2>Nuestra piedra<\/h2>\n<p>&nbsp;<\/p>\n<p>Oakville Stone ofrece 16 productos diferentes que incluyen granito, caliza, arenisca y arenisca cuarc\u00edtica. Todos nuestros productos vienen en varias formas y tama\u00f1os y se pueden utilizar para diversas aplicaciones, tales como pavimentos, pelda\u00f1os, escalones, remates en \u00e1ngulo recto, remates de bordes rectos, tapas de pared y muchos m\u00e1s. Oakville Stone facilita proyectos de cualquier tama\u00f1o y puede cortar a medida incluso las especificaciones m\u00e1s intrincadas.[\/vc_column_text][vc_btn title=\u00bbNUESTRA PIEDRA\u00bb align=\u00bbcenter\u00bb link=\u00bburl:%2Fpiedra%2F|\u00bb][\/vc_column][vc_column width=\u00bb1\/6&#8243;][\/vc_column][vc_column width=\u00bb1\/2&#8243;][\/vc_column][\/vc_row][vc_row][vc_column][vc_empty_space][\/vc_column][\/vc_row][vc_row equal_height=\u00bbyes\u00bb][vc_column width=\u00bb1\/2&#8243; css=\u00bb.vc_custom_1610372823192{background-image: url(https:\/\/www.oakvillestone.com\/wp-content\/uploads\/2020\/12\/Oakville-Slate-Grey-10-1.jpg?id=1506) !important;background-position: center !important;background-repeat: no-repeat !important;background-size: cover !important;}\u00bb][vc_empty_space height=\u00bb300px\u00bb][\/vc_column][vc_column width=\u00bb1\/2&#8243;][vc_column_text]<\/p>\n<h5>\u00c9tica y sostenibilidad<\/h5>\n<p>Aunque la piedra natural importada suele elegirse por su rentabilidad, tambi\u00e9n hay que tener en cuenta c\u00f3mo se ha obtenido y producido. En Oakville Stone, antes de elegir cualquier piedra para incorporar a nuestra cartera, tenemos estrictas directrices para garantizar que la piedra es tanto ambientalmente sostenible como \u00e9ticamente producida.<\/p>\n<p>A la hora de elegir nuestras l\u00edneas de productos, entran en juego consideraciones sobre todo el ciclo de adquisici\u00f3n de la piedra natural. Desde c\u00f3mo se localiza la piedra hasta el uso de la materia prima, pasando por la energ\u00eda de combustibles f\u00f3siles en la fabricaci\u00f3n y el transporte, es nuestro deber garantizar que se cumplen las pr\u00e1cticas y directrices sostenibles en cada paso del camino.<\/p>\n<p>En Oakville Stone, el comercio \u00e9tico est\u00e1 en el centro de nuestras relaciones comerciales. Esto significa que todos aquellos con los que hacemos negocios -comerciantes minoristas y sus proveedores- deben asumir la responsabilidad de ofrecer unas condiciones de trabajo aceptables basadas en las normas mundiales de comercio y derechos humanos.<\/p>\n<p>Lo ideal es elegir proveedores que cumplan \u00edntegramente el c\u00f3digo de la Base \u00c9tica, una norma creada por la Iniciativa de Comercio \u00c9tico. Entre los principales criterios del C\u00f3digo \u00c9tico de Base figuran los siguientes:<\/p>\n<ul>\n<li>No hay trabajo forzado ni en r\u00e9gimen de servidumbre.<\/li>\n<li>Los trabajadores son libres de abandonar la empresa tras un preaviso razonable.<\/li>\n<li>Los trabajadores pueden formar y afiliarse a sindicatos y negociar colectivamente.<\/li>\n<li>Las condiciones de trabajo deben ser seguras e higi\u00e9nicas.<\/li>\n<li>Formaci\u00f3n y procedimientos regulares y documentados en materia de salud y seguridad.<\/li>\n<li>No se utilizar\u00e1 ni contratar\u00e1 \u00abmano de obra infantil\u00bb.<\/li>\n<li>Los salarios, como m\u00ednimo, cubrir\u00e1n las necesidades b\u00e1sicas y algunos ingresos discrecionales.<\/li>\n<li>Las horas de trabajo no son excesivas.<\/li>\n<li>No se practica ninguna discriminaci\u00f3n.<\/li>\n<li>Se ofrece empleo regular.<\/li>\n<li>No se permite ning\u00fan trato duro o inhumano.<\/li>\n<\/ul>\n<p>Para obtener informaci\u00f3n sobre la Iniciativa de Comercio \u00c9tico y consultar el C\u00f3digo B\u00e1sico, visite www.ethicaltrade.org.[\/vc_column_text][\/vc_column][\/vc_row][vc_row][vc_column][vc_empty_space][vc_column_text]<\/p>\n<h3 style=\"text-align: center;\">Nuestros almacenes interiores<\/h3>\n<p>[\/vc_column_text][vc_masonry_media_grid grid_id=\u00bbvc_gid:1705501815427-414287fd-e3d7-5&#8243; include=\u00bb12007,12006,12005,12004,12003,12002&#8243;][\/vc_column][\/vc_row][vc_row][vc_column][\/vc_column][\/vc_row]<\/p>\n<\/div>","protected":false},"excerpt":{"rendered":"<p>[vc_row equal_height=\u00bbyes\u00bb][vc_column width=\u00bb1\/2&#8243; css=\u00bb.vc_custom_1610470329797{background-image: url(https:\/\/www.oakvillestone.com\/wp-content\/uploads\/2021\/01\/20180815_134255.jpg?id=2051) !important;background-position: center !important;background-repeat: no-repeat !important;background-size: cover !important;}\u00bb][vc_empty_space height=\u00bb300px\u00bb][\/vc_column][vc_column width=\u00bb1\/2&#8243;][vc_column_text]Establecida en 2004, Oakville Stone se enorgullece de ofrecer continuamente productos de piedra natural de la m\u00e1s alta calidad que la tierra puede ofrecer. Nuestra misi\u00f3n es ofrecer un nivel de servicio inigualable en el sector de la piedra natural, combinado con [&hellip;]<\/p>\n","protected":false},"author":2,"featured_media":16501,"parent":0,"menu_order":0,"comment_status":"closed","ping_status":"closed","template":"","meta":{"_acf_changed":false,"footnotes":""},"class_list":["post-18202","page","type-page","status-publish","has-post-thumbnail","hentry"],"acf":[],"yoast_head":"<!-- This site is optimized with the Yoast SEO plugin v27.3 - https:\/\/yoast.com\/product\/yoast-seo-wordpress\/ -->\n<title>Qui\u00e9nes somos - Oakville Stone<\/title>\n<meta name=\"description\" content=\"Oakville Stone ofrece cientos de productos que incluyen granito, caliza, arenisca y arenisca cuarc\u00edtica. M\u00e1s de 20 colores diferentes\" \/>\n<meta name=\"robots\" content=\"index, follow, max-snippet:-1, max-image-preview:large, max-video-preview:-1\" \/>\n<link rel=\"canonical\" href=\"https:\/\/www.oakvillestone.com\/es\/quienes-somos\/\" \/>\n<meta property=\"og:locale\" content=\"es_ES\" \/>\n<meta property=\"og:type\" content=\"article\" \/>\n<meta property=\"og:title\" content=\"Qui\u00e9nes somos - Oakville Stone\" \/>\n<meta property=\"og:description\" content=\"Oakville Stone ofrece cientos de productos que incluyen granito, caliza, arenisca y arenisca cuarc\u00edtica. M\u00e1s de 20 colores diferentes\" \/>\n<meta property=\"og:url\" content=\"https:\/\/www.oakvillestone.com\/es\/quienes-somos\/\" \/>\n<meta property=\"og:site_name\" content=\"Oakville Stone\" \/>\n<meta property=\"article:modified_time\" content=\"2024-02-01T11:26:52+00:00\" \/>\n<meta property=\"og:image\" content=\"https:\/\/www.oakvillestone.com\/wp-content\/uploads\/2021\/01\/IMG_3085.jpg\" \/>\n\t<meta property=\"og:image:width\" content=\"1500\" \/>\n\t<meta property=\"og:image:height\" content=\"1000\" \/>\n\t<meta property=\"og:image:type\" content=\"image\/jpeg\" \/>\n<meta name=\"twitter:card\" content=\"summary_large_image\" \/>\n<meta name=\"twitter:label1\" content=\"Tiempo de lectura\" \/>\n\t<meta name=\"twitter:data1\" content=\"4 minutos\" \/>\n<script type=\"application\/ld+json\" class=\"yoast-schema-graph\">{\"@context\":\"https:\\\/\\\/schema.org\",\"@graph\":[{\"@type\":\"WebPage\",\"@id\":\"https:\\\/\\\/www.oakvillestone.com\\\/es\\\/quienes-somos\\\/\",\"url\":\"https:\\\/\\\/www.oakvillestone.com\\\/es\\\/quienes-somos\\\/\",\"name\":\"Qui\u00e9nes somos - Oakville Stone\",\"isPartOf\":{\"@id\":\"https:\\\/\\\/www.oakvillestone.com\\\/es\\\/#website\"},\"primaryImageOfPage\":{\"@id\":\"https:\\\/\\\/www.oakvillestone.com\\\/es\\\/quienes-somos\\\/#primaryimage\"},\"image\":{\"@id\":\"https:\\\/\\\/www.oakvillestone.com\\\/es\\\/quienes-somos\\\/#primaryimage\"},\"thumbnailUrl\":\"https:\\\/\\\/www.oakvillestone.com\\\/wp-content\\\/uploads\\\/2021\\\/01\\\/IMG_3085.jpg\",\"datePublished\":\"2020-12-09T20:28:09+00:00\",\"dateModified\":\"2024-02-01T11:26:52+00:00\",\"description\":\"Oakville Stone ofrece cientos de productos que incluyen granito, caliza, arenisca y arenisca cuarc\u00edtica. M\u00e1s de 20 colores diferentes\",\"inLanguage\":\"es\",\"potentialAction\":[{\"@type\":\"ReadAction\",\"target\":[\"https:\\\/\\\/www.oakvillestone.com\\\/es\\\/quienes-somos\\\/\"]}]},{\"@type\":\"ImageObject\",\"inLanguage\":\"es\",\"@id\":\"https:\\\/\\\/www.oakvillestone.com\\\/es\\\/quienes-somos\\\/#primaryimage\",\"url\":\"https:\\\/\\\/www.oakvillestone.com\\\/wp-content\\\/uploads\\\/2021\\\/01\\\/IMG_3085.jpg\",\"contentUrl\":\"https:\\\/\\\/www.oakvillestone.com\\\/wp-content\\\/uploads\\\/2021\\\/01\\\/IMG_3085.jpg\",\"width\":1500,\"height\":1000},{\"@type\":\"WebSite\",\"@id\":\"https:\\\/\\\/www.oakvillestone.com\\\/es\\\/#website\",\"url\":\"https:\\\/\\\/www.oakvillestone.com\\\/es\\\/\",\"name\":\"Oakville Stone\",\"description\":\"As Perfect As Natural Can Be\",\"potentialAction\":[{\"@type\":\"SearchAction\",\"target\":{\"@type\":\"EntryPoint\",\"urlTemplate\":\"https:\\\/\\\/www.oakvillestone.com\\\/es\\\/?s={search_term_string}\"},\"query-input\":{\"@type\":\"PropertyValueSpecification\",\"valueRequired\":true,\"valueName\":\"search_term_string\"}}],\"inLanguage\":\"es\"}]}<\/script>\n<!-- \/ Yoast SEO plugin. -->","yoast_head_json":{"title":"Qui\u00e9nes somos - Oakville Stone","description":"Oakville Stone ofrece cientos de productos que incluyen granito, caliza, arenisca y arenisca cuarc\u00edtica. M\u00e1s de 20 colores diferentes","robots":{"index":"index","follow":"follow","max-snippet":"max-snippet:-1","max-image-preview":"max-image-preview:large","max-video-preview":"max-video-preview:-1"},"canonical":"https:\/\/www.oakvillestone.com\/es\/quienes-somos\/","og_locale":"es_ES","og_type":"article","og_title":"Qui\u00e9nes somos - Oakville Stone","og_description":"Oakville Stone ofrece cientos de productos que incluyen granito, caliza, arenisca y arenisca cuarc\u00edtica. M\u00e1s de 20 colores diferentes","og_url":"https:\/\/www.oakvillestone.com\/es\/quienes-somos\/","og_site_name":"Oakville Stone","article_modified_time":"2024-02-01T11:26:52+00:00","og_image":[{"width":1500,"height":1000,"url":"https:\/\/www.oakvillestone.com\/wp-content\/uploads\/2021\/01\/IMG_3085.jpg","type":"image\/jpeg"}],"twitter_card":"summary_large_image","twitter_misc":{"Tiempo de lectura":"4 minutos"},"schema":{"@context":"https:\/\/schema.org","@graph":[{"@type":"WebPage","@id":"https:\/\/www.oakvillestone.com\/es\/quienes-somos\/","url":"https:\/\/www.oakvillestone.com\/es\/quienes-somos\/","name":"Qui\u00e9nes somos - Oakville Stone","isPartOf":{"@id":"https:\/\/www.oakvillestone.com\/es\/#website"},"primaryImageOfPage":{"@id":"https:\/\/www.oakvillestone.com\/es\/quienes-somos\/#primaryimage"},"image":{"@id":"https:\/\/www.oakvillestone.com\/es\/quienes-somos\/#primaryimage"},"thumbnailUrl":"https:\/\/www.oakvillestone.com\/wp-content\/uploads\/2021\/01\/IMG_3085.jpg","datePublished":"2020-12-09T20:28:09+00:00","dateModified":"2024-02-01T11:26:52+00:00","description":"Oakville Stone ofrece cientos de productos que incluyen granito, caliza, arenisca y arenisca cuarc\u00edtica. M\u00e1s de 20 colores diferentes","inLanguage":"es","potentialAction":[{"@type":"ReadAction","target":["https:\/\/www.oakvillestone.com\/es\/quienes-somos\/"]}]},{"@type":"ImageObject","inLanguage":"es","@id":"https:\/\/www.oakvillestone.com\/es\/quienes-somos\/#primaryimage","url":"https:\/\/www.oakvillestone.com\/wp-content\/uploads\/2021\/01\/IMG_3085.jpg","contentUrl":"https:\/\/www.oakvillestone.com\/wp-content\/uploads\/2021\/01\/IMG_3085.jpg","width":1500,"height":1000},{"@type":"WebSite","@id":"https:\/\/www.oakvillestone.com\/es\/#website","url":"https:\/\/www.oakvillestone.com\/es\/","name":"Oakville Stone","description":"As Perfect As Natural Can Be","potentialAction":[{"@type":"SearchAction","target":{"@type":"EntryPoint","urlTemplate":"https:\/\/www.oakvillestone.com\/es\/?s={search_term_string}"},"query-input":{"@type":"PropertyValueSpecification","valueRequired":true,"valueName":"search_term_string"}}],"inLanguage":"es"}]}},"_links":{"self":[{"href":"https:\/\/www.oakvillestone.com\/es\/wp-json\/wp\/v2\/pages\/18202","targetHints":{"allow":["GET"]}}],"collection":[{"href":"https:\/\/www.oakvillestone.com\/es\/wp-json\/wp\/v2\/pages"}],"about":[{"href":"https:\/\/www.oakvillestone.com\/es\/wp-json\/wp\/v2\/types\/page"}],"author":[{"embeddable":true,"href":"https:\/\/www.oakvillestone.com\/es\/wp-json\/wp\/v2\/users\/2"}],"replies":[{"embeddable":true,"href":"https:\/\/www.oakvillestone.com\/es\/wp-json\/wp\/v2\/comments?post=18202"}],"version-history":[{"count":2,"href":"https:\/\/www.oakvillestone.com\/es\/wp-json\/wp\/v2\/pages\/18202\/revisions"}],"predecessor-version":[{"id":18206,"href":"https:\/\/www.oakvillestone.com\/es\/wp-json\/wp\/v2\/pages\/18202\/revisions\/18206"}],"wp:featuredmedia":[{"embeddable":true,"href":"https:\/\/www.oakvillestone.com\/es\/wp-json\/wp\/v2\/media\/16501"}],"wp:attachment":[{"href":"https:\/\/www.oakvillestone.com\/es\/wp-json\/wp\/v2\/media?parent=18202"}],"curies":[{"name":"wp","href":"https:\/\/api.w.org\/{rel}","templated":true}]}}